{"id":495,"date":"2023-06-19T08:24:07","date_gmt":"2023-06-19T08:24:07","guid":{"rendered":"http:\/\/ka120-121.iessansebastian.com\/?page_id=495"},"modified":"2023-07-03T10:23:02","modified_gmt":"2023-07-03T10:23:02","slug":"informacion-del-centro","status":"publish","type":"page","link":"https:\/\/ka120-121.iessansebastian.com\/index.php\/informacion-del-centro\/","title":{"rendered":"Mi Centro"},"content":{"rendered":"\t\t<div data-elementor-type=\"wp-page\" data-elementor-id=\"495\" class=\"elementor elementor-495\">\n\t\t\t\t\t\t<section class=\"elementor-section elementor-top-section elementor-element elementor-element-bfd96ee elementor-section-boxed elementor-section-height-default elementor-section-height-default\" data-id=\"bfd96ee\" data-element_type=\"section\">\n\t\t\t\t\t\t<div class=\"elementor-container elementor-column-gap-default\">\n\t\t\t\t\t<div class=\"aux-parallax-section elementor-column elementor-col-100 elementor-top-column elementor-element elementor-element-4ee74e0\" data-id=\"4ee74e0\" data-element_type=\"column\">\n\t\t\t<div class=\"elementor-widget-wrap elementor-element-populated\">\n\t\t\t\t\t\t<div class=\"elementor-element elementor-element-83f4edb elementor-widget elementor-widget-image\" data-id=\"83f4edb\" data-element_type=\"widget\" data-widget_type=\"image.default\">\n\t\t\t\t<div class=\"elementor-widget-container\">\n\t\t\t<style>\/*! elementor - v3.21.0 - 22-05-2024 *\/\n.elementor-widget-image{text-align:center}.elementor-widget-image a{display:inline-block}.elementor-widget-image a img[src$=\".svg\"]{width:48px}.elementor-widget-image img{vertical-align:middle;display:inline-block}<\/style>\t\t\t\t\t\t\t\t\t\t<img decoding=\"async\" width=\"556\" height=\"76\" src=\"https:\/\/ka120-121.iessansebastian.com\/wp-content\/uploads\/2023\/07\/ImgLogoCentro.png\" class=\"attachment-large size-large wp-image-952\" alt=\"\" srcset=\"https:\/\/ka120-121.iessansebastian.com\/wp-content\/uploads\/2023\/07\/ImgLogoCentro.png 556w, https:\/\/ka120-121.iessansebastian.com\/wp-content\/uploads\/2023\/07\/ImgLogoCentro-24x3.png 24w, https:\/\/ka120-121.iessansebastian.com\/wp-content\/uploads\/2023\/07\/ImgLogoCentro-36x5.png 36w, https:\/\/ka120-121.iessansebastian.com\/wp-content\/uploads\/2023\/07\/ImgLogoCentro-48x7.png 48w\" sizes=\"(max-width: 556px) 100vw, 556px\" \/>\t\t\t\t\t\t\t\t\t\t\t\t\t<\/div>\n\t\t\t\t<\/div>\n\t\t\t\t\t<\/div>\n\t\t<\/div>\n\t\t\t\t\t<\/div>\n\t\t<\/section>\n\t\t\t\t<section class=\"elementor-section elementor-top-section elementor-element elementor-element-42f9d02 elementor-section-boxed elementor-section-height-default elementor-section-height-default\" data-id=\"42f9d02\" data-element_type=\"section\">\n\t\t\t\t\t\t<div class=\"elementor-container elementor-column-gap-default\">\n\t\t\t\t\t<div class=\"aux-parallax-section elementor-column elementor-col-100 elementor-top-column elementor-element elementor-element-6710c59\" data-id=\"6710c59\" data-element_type=\"column\">\n\t\t\t<div class=\"elementor-widget-wrap elementor-element-populated\">\n\t\t\t\t\t\t<div class=\"elementor-element elementor-element-d310c51 elementor-widget elementor-widget-text-editor\" data-id=\"d310c51\" data-element_type=\"widget\" data-widget_type=\"text-editor.default\">\n\t\t\t\t<div class=\"elementor-widget-container\">\n\t\t\t<style>\/*! elementor - v3.21.0 - 22-05-2024 *\/\n.elementor-widget-text-editor.elementor-drop-cap-view-stacked .elementor-drop-cap{background-color:#69727d;color:#fff}.elementor-widget-text-editor.elementor-drop-cap-view-framed .elementor-drop-cap{color:#69727d;border:3px solid;background-color:transparent}.elementor-widget-text-editor:not(.elementor-drop-cap-view-default) .elementor-drop-cap{margin-top:8px}.elementor-widget-text-editor:not(.elementor-drop-cap-view-default) .elementor-drop-cap-letter{width:1em;height:1em}.elementor-widget-text-editor .elementor-drop-cap{float:left;text-align:center;line-height:1;font-size:50px}.elementor-widget-text-editor .elementor-drop-cap-letter{display:inline-block}<\/style>\t\t\t\t<p style=\"text-align: justify;\">Ubicado en Huelva capital, ciudad que cuenta con alrededor de 150.000 habitantes, en un barrio de un nivel socioecon\u00f3mico medio y, geogr\u00e1ficamente, en una zona c\u00e9ntrica: la Avenida de Andaluc\u00eda, que constituye es uno de los ejes fundamentales de comunicaci\u00f3n de Huelva, de f\u00e1cil acceso tanto si se utilizan los servicios p\u00fablicos como si se pretende acceder utilizando veh\u00edculos particulares y, tanto si se procede de la propia ciudad de Huelva como si se hace desde pueblos del resto de la provincia. Todo ello contribuye a que la localizaci\u00f3n del centro sea especialmente favorable, muy accesible y bien comunicada por transporte p\u00fablico.<\/p>\t\t\t\t\t\t<\/div>\n\t\t\t\t<\/div>\n\t\t\t\t\t<\/div>\n\t\t<\/div>\n\t\t\t\t\t<\/div>\n\t\t<\/section>\n\t\t\t\t<section class=\"elementor-section elementor-top-section elementor-element elementor-element-cad91dc elementor-section-boxed elementor-section-height-default elementor-section-height-default\" data-id=\"cad91dc\" data-element_type=\"section\">\n\t\t\t\t\t\t<div class=\"elementor-container elementor-column-gap-default\">\n\t\t\t\t\t<div class=\"aux-parallax-section elementor-column elementor-col-100 elementor-top-column elementor-element elementor-element-b77a0f5\" data-id=\"b77a0f5\" data-element_type=\"column\">\n\t\t\t<div class=\"elementor-widget-wrap elementor-element-populated\">\n\t\t\t\t\t\t<div class=\"elementor-element elementor-element-e21e653 elementor-widget__width-initial elementor-widget elementor-widget-image\" data-id=\"e21e653\" data-element_type=\"widget\" data-widget_type=\"image.default\">\n\t\t\t\t<div class=\"elementor-widget-container\">\n\t\t\t\t\t\t\t\t\t\t\t\t\t<img decoding=\"async\" src=\"https:\/\/ka120-121.iessansebastian.com\/wp-content\/uploads\/2023\/07\/MiCentroUbic.png\" title=\"MiCentroUbic\" alt=\"MiCentroUbic\" loading=\"lazy\" \/>\t\t\t\t\t\t\t\t\t\t\t\t\t<\/div>\n\t\t\t\t<\/div>\n\t\t\t\t\t<\/div>\n\t\t<\/div>\n\t\t\t\t\t<\/div>\n\t\t<\/section>\n\t\t\t\t<section class=\"elementor-section elementor-top-section elementor-element elementor-element-7e81771 elementor-section-boxed elementor-section-height-default elementor-section-height-default\" data-id=\"7e81771\" data-element_type=\"section\">\n\t\t\t\t\t\t<div class=\"elementor-container elementor-column-gap-default\">\n\t\t\t\t\t<div class=\"aux-parallax-section elementor-column elementor-col-100 elementor-top-column elementor-element elementor-element-ebf3e3a\" data-id=\"ebf3e3a\" data-element_type=\"column\">\n\t\t\t<div class=\"elementor-widget-wrap elementor-element-populated\">\n\t\t\t\t\t\t<div class=\"elementor-element elementor-element-0cf39b6 elementor-widget__width-initial elementor-widget elementor-widget-google_maps\" data-id=\"0cf39b6\" data-element_type=\"widget\" data-widget_type=\"google_maps.default\">\n\t\t\t\t<div class=\"elementor-widget-container\">\n\t\t\t<style>\/*! elementor - v3.21.0 - 22-05-2024 *\/\n.elementor-widget-google_maps .elementor-widget-container{overflow:hidden}.elementor-widget-google_maps .elementor-custom-embed{line-height:0}.elementor-widget-google_maps iframe{height:300px}<\/style>\t\t<div class=\"elementor-custom-embed\">\n\t\t\t<iframe loading=\"lazy\"\n\t\t\t\t\tsrc=\"https:\/\/maps.google.com\/maps?q=IES%20San%20Sebasti%C3%A1n%20Av.%20Andaluc%C3%ADa%2C%200%2C%2021001%20Huelva&#038;t=m&#038;z=10&#038;output=embed&#038;iwloc=near\"\n\t\t\t\t\ttitle=\"IES San Sebasti\u00e1n Av. Andaluc\u00eda, 0, 21001 Huelva\"\n\t\t\t\t\taria-label=\"IES San Sebasti\u00e1n Av. Andaluc\u00eda, 0, 21001 Huelva\"\n\t\t\t><\/iframe>\n\t\t<\/div>\n\t\t\t\t<\/div>\n\t\t\t\t<\/div>\n\t\t\t\t\t<\/div>\n\t\t<\/div>\n\t\t\t\t\t<\/div>\n\t\t<\/section>\n\t\t\t\t<section class=\"elementor-section elementor-top-section elementor-element elementor-element-8243c54 elementor-section-boxed elementor-section-height-default elementor-section-height-default\" data-id=\"8243c54\" data-element_type=\"section\">\n\t\t\t\t\t\t<div class=\"elementor-container elementor-column-gap-default\">\n\t\t\t\t\t<div class=\"aux-parallax-section elementor-column elementor-col-100 elementor-top-column elementor-element elementor-element-844fd24\" data-id=\"844fd24\" data-element_type=\"column\">\n\t\t\t<div class=\"elementor-widget-wrap elementor-element-populated\">\n\t\t\t\t\t\t<div class=\"elementor-element elementor-element-2d54ba8 elementor-widget__width-initial elementor-widget elementor-widget-image\" data-id=\"2d54ba8\" data-element_type=\"widget\" data-widget_type=\"image.default\">\n\t\t\t\t<div class=\"elementor-widget-container\">\n\t\t\t\t\t\t\t\t\t\t\t\t\t<img decoding=\"async\" src=\"https:\/\/ka120-121.iessansebastian.com\/wp-content\/uploads\/2023\/07\/MiCentroFoto-1.png\" title=\"MiCentroFoto\" alt=\"MiCentroFoto\" loading=\"lazy\" \/>\t\t\t\t\t\t\t\t\t\t\t\t\t<\/div>\n\t\t\t\t<\/div>\n\t\t\t\t\t<\/div>\n\t\t<\/div>\n\t\t\t\t\t<\/div>\n\t\t<\/section>\n\t\t\t\t<section class=\"elementor-section elementor-top-section elementor-element elementor-element-017fd9e elementor-section-boxed elementor-section-height-default elementor-section-height-default\" data-id=\"017fd9e\" data-element_type=\"section\">\n\t\t\t\t\t\t<div class=\"elementor-container elementor-column-gap-default\">\n\t\t\t\t\t<div class=\"aux-parallax-section elementor-column elementor-col-100 elementor-top-column elementor-element elementor-element-241f0b5\" data-id=\"241f0b5\" data-element_type=\"column\">\n\t\t\t<div class=\"elementor-widget-wrap elementor-element-populated\">\n\t\t\t\t\t\t<div class=\"elementor-element elementor-element-60bfd46 elementor-widget elementor-widget-text-editor\" data-id=\"60bfd46\" data-element_type=\"widget\" data-widget_type=\"text-editor.default\">\n\t\t\t\t<div class=\"elementor-widget-container\">\n\t\t\t\t\t\t\t<ul>\n \t<li><strong>C\u00f3digo de Centro\u00a0\u00a0<\/strong>\u00a0\u00a0\u00a0 21700010<\/li>\n \t<li><strong>Centro\u00a0<\/strong>\u00a0 I.E.S. San Sebasti\u00e1n<\/li>\n \t<li><strong>Domicilio\u00a0\u00a0\u00a0\u00a0<\/strong>\u00a0\u00a0\u00a0\u00a0 Avda. de Andaluc\u00eda, s\/n<\/li>\n \t<li><strong>Localidad\u00a0\u00a0\u00a0\u00a0<\/strong>\u00a0\u00a0\u00a0\u00a0 Huelva<\/li>\n \t<li><strong>Provincia\u00a0\u00a0\u00a0\u00a0<\/strong>\u00a0\u00a0\u00a0\u00a0 Huelva<\/li>\n \t<li><strong>C\u00f3digo Postal\u00a0<\/strong>\u00a021006<\/li>\n \t<li><strong>Tel\u00e9fono<\/strong>\u00a0959524177<\/li>\n \t<li><strong>Tel\u00e9fono Corporativo<\/strong>\u00a0959250177<\/li>\n \t<li><strong>Fax\u00a0\u00a0\u00a0\u00a0<\/strong>\u00a0\u00a0\u00a0 959524178<\/li>\n \t<li><strong>eMail\u00a0\u00a0\u00a0\u00a0<\/strong>\u00a021700010.edu@juntadeandalucia.es<\/li>\n<\/ul>\n<p style=\"text-align: justify;\">\nEl centro es uno de los m\u00e1s antiguos de Huelva y tiene su origen como centro de formaci\u00f3n profesional que sucedi\u00f3 a la antigua Escuela de Comercio. Fue centro pionero en Andaluc\u00eda en la impartici\u00f3n de la antigua FP de Inform\u00e1tica y constituye todo un referente en la provincia para los alumnos que desean cursar los ciclos de la familia de Inform\u00e1tica y Comunicaciones, as\u00ed como para las empresas de la zona que demandan trabajadores. El centro imparte en la actualidad los ciclos C.F.G.M. Sistemas Microinform\u00e1ticos y Redes, C.F.G.S. Administraci\u00f3n de Sistemas Inform\u00e1ticos en Red y el C.F.G.S. Desarrollo de Aplicaciones Web.\n\nLa estructura educativa del IES la podremos calificar como compleja desde el punto de vista organizativo y estructural, ya que es un centro en el que trabajan, adem\u00e1s del personal de servicios y administraci\u00f3n, un n\u00famero elevado de profesores (suelen superar los noventa), matr\u00edcula cada a\u00f1o un elevado n\u00famero de alumnos, que ronda los 1200, y en \u00e9l coexisten ense\u00f1anzas sumamente dispares, con jornadas escolares intensivas que se articulan entre los turnos de ma\u00f1ana y tarde, que hace que el centro permanezca abierto desde las 8.15 horas hasta las 21.10 horas de manera ininterrumpida.\n\nRespecto al entorno econ\u00f3mico, se\u00f1alar que en los \u00faltimos a\u00f1os, en la zona, se ha detectado un gran crecimiento en la actividad econ\u00f3mica y desarrollo general del sector inform\u00e1tico en su vertiente del desarrollo web. Existen numerosas empresas implantadas, casi en su totalidad, en el Parque Cient\u00edfico-Tecnol\u00f3gico de Aljaraque (localidad ubicada 15 kms de Huelva capital), con las que el centro mantiene buena relaci\u00f3n \u00a0y en las que los alumnos suele realizar el m\u00f3dulo profesional de FCT con una alta tasa de contrataci\u00f3n tras la finalizaci\u00f3n del mismo.\n\nPor otro lado, cabr\u00eda se\u00f1alar que nuestro centro siempre ha participado en proyectos europeos por contribuir a mejorar la calidad educativa, aumentar el conocimiento de otras culturas, fomentar la formaci\u00f3n ling\u00fc\u00edstica en diferentes idiomas e incrementar la capacidad de los conocimientos espec\u00edficos e innovadores de las diferentes especialidades de nuestro centro. En la actualidad participamos en dos proyectos Europeos\u00a0<strong>ERAMUS+<\/strong>:\u00a0<strong>KA101<\/strong>\u00a0(<em>Cursos de formaci\u00f3n y\u00a0<strong>JobShadowing\u00a0<\/strong>para profesores<\/em>) y\u00a0\u00a0<strong>KA103<\/strong>\u00a0(<em>Pr\u00e1cticas de empresa de los alumnos en el extranjero<\/em>)\t\t\t\t\t\t<\/div>\n\t\t\t\t<\/div>\n\t\t\t\t\t<\/div>\n\t\t<\/div>\n\t\t\t\t\t<\/div>\n\t\t<\/section>\n\t\t\t\t<section class=\"elementor-section elementor-top-section elementor-element elementor-element-097ebe8 elementor-section-boxed elementor-section-height-default elementor-section-height-default\" data-id=\"097ebe8\" data-element_type=\"section\">\n\t\t\t\t\t\t<div class=\"elementor-container elementor-column-gap-default\">\n\t\t\t\t\t<div class=\"aux-parallax-section elementor-column elementor-col-100 elementor-top-column elementor-element elementor-element-b2d30db\" data-id=\"b2d30db\" data-element_type=\"column\">\n\t\t\t<div class=\"elementor-widget-wrap elementor-element-populated\">\n\t\t\t\t\t\t<div class=\"elementor-element elementor-element-c220c12 elementor-widget elementor-widget-image\" data-id=\"c220c12\" data-element_type=\"widget\" data-widget_type=\"image.default\">\n\t\t\t\t<div class=\"elementor-widget-container\">\n\t\t\t\t\t\t\t\t\t\t\t\t\t<img fetchpriority=\"high\" decoding=\"async\" width=\"710\" height=\"95\" src=\"https:\/\/ka120-121.iessansebastian.com\/wp-content\/uploads\/2023\/07\/TitGaleriaImg.png\" class=\"attachment-large size-large wp-image-963\" alt=\"\" srcset=\"https:\/\/ka120-121.iessansebastian.com\/wp-content\/uploads\/2023\/07\/TitGaleriaImg.png 710w, https:\/\/ka120-121.iessansebastian.com\/wp-content\/uploads\/2023\/07\/TitGaleriaImg-24x3.png 24w, https:\/\/ka120-121.iessansebastian.com\/wp-content\/uploads\/2023\/07\/TitGaleriaImg-36x5.png 36w, https:\/\/ka120-121.iessansebastian.com\/wp-content\/uploads\/2023\/07\/TitGaleriaImg-48x6.png 48w\" sizes=\"(max-width: 710px) 100vw, 710px\" \/>\t\t\t\t\t\t\t\t\t\t\t\t\t<\/div>\n\t\t\t\t<\/div>\n\t\t\t\t\t<\/div>\n\t\t<\/div>\n\t\t\t\t\t<\/div>\n\t\t<\/section>\n\t\t\t\t<section class=\"elementor-section elementor-top-section elementor-element elementor-element-4f961da elementor-section-boxed elementor-section-height-default elementor-section-height-default\" data-id=\"4f961da\" data-element_type=\"section\">\n\t\t\t\t\t\t<div class=\"elementor-container elementor-column-gap-default\">\n\t\t\t\t\t<div class=\"aux-parallax-section elementor-column elementor-col-100 elementor-top-column elementor-element elementor-element-f926368\" data-id=\"f926368\" data-element_type=\"column\">\n\t\t\t<div class=\"elementor-widget-wrap elementor-element-populated\">\n\t\t\t\t\t\t<div class=\"elementor-element elementor-element-afd8d37 elementor-widget elementor-widget-text-editor\" data-id=\"afd8d37\" data-element_type=\"widget\" data-widget_type=\"text-editor.default\">\n\t\t\t\t<div class=\"elementor-widget-container\">\n\t\t\t\t\t\t\t<p><span style=\"color: #000000; font-family: -apple-system, BlinkMacSystemFont, 'Segoe UI', Roboto, Oxygen-Sans, Ubuntu, Cantarell, 'Helvetica Neue', sans-serif; font-size: 14px; font-weight: bold; text-align: center;\">[robo-gallery id=\u00bb968&#8243;]<\/span><\/p>\t\t\t\t\t\t<\/div>\n\t\t\t\t<\/div>\n\t\t\t\t\t<\/div>\n\t\t<\/div>\n\t\t\t\t\t<\/div>\n\t\t<\/section>\n\t\t\t\t<\/div>\n\t\t","protected":false},"excerpt":{"rendered":"<p>Ubicado en Huelva capital, ciudad que cuenta con alrededor de 150.000 habitantes, en un barrio de un nivel socioecon\u00f3mico medio y, geogr\u00e1ficamente, en una zona c\u00e9ntrica: la Avenida de Andaluc\u00eda, que constituye es uno de los ejes fundamentales de comunicaci\u00f3n de Huelva, de f\u00e1cil acceso tanto si se utilizan los servicios p\u00fablicos como si se [&hellip;]<\/p>\n","protected":false},"author":1,"featured_media":0,"parent":0,"menu_order":0,"comment_status":"closed","ping_status":"closed","template":"","meta":{"footnotes":""},"class_list":["post-495","page","type-page","status-publish","hentry"],"_links":{"self":[{"href":"https:\/\/ka120-121.iessansebastian.com\/index.php\/wp-json\/wp\/v2\/pages\/495","targetHints":{"allow":["GET"]}}],"collection":[{"href":"https:\/\/ka120-121.iessansebastian.com\/index.php\/wp-json\/wp\/v2\/pages"}],"about":[{"href":"https:\/\/ka120-121.iessansebastian.com\/index.php\/wp-json\/wp\/v2\/types\/page"}],"author":[{"embeddable":true,"href":"https:\/\/ka120-121.iessansebastian.com\/index.php\/wp-json\/wp\/v2\/users\/1"}],"replies":[{"embeddable":true,"href":"https:\/\/ka120-121.iessansebastian.com\/index.php\/wp-json\/wp\/v2\/comments?post=495"}],"version-history":[{"count":35,"href":"https:\/\/ka120-121.iessansebastian.com\/index.php\/wp-json\/wp\/v2\/pages\/495\/revisions"}],"predecessor-version":[{"id":1017,"href":"https:\/\/ka120-121.iessansebastian.com\/index.php\/wp-json\/wp\/v2\/pages\/495\/revisions\/1017"}],"wp:attachment":[{"href":"https:\/\/ka120-121.iessansebastian.com\/index.php\/wp-json\/wp\/v2\/media?parent=495"}],"curies":[{"name":"wp","href":"https:\/\/api.w.org\/{rel}","templated":true}]}}